{"id":2352,"date":"2023-04-21T09:23:50","date_gmt":"2023-04-21T07:23:50","guid":{"rendered":"https:\/\/www.riadimperia.com\/informacion-util\/"},"modified":"2024-08-15T16:05:44","modified_gmt":"2024-08-15T14:05:44","slug":"informacion-util","status":"publish","type":"page","link":"https:\/\/www.riadimperia.com\/es\/informacion-util\/","title":{"rendered":"Informaci\u00f3n \u00fatil"},"content":{"rendered":"\t\t<div data-elementor-type=\"wp-page\" data-elementor-id=\"2352\" class=\"elementor elementor-2352 elementor-23\">\n\t\t\t\t\t\t<section class=\"elementor-section elementor-top-section elementor-element elementor-element-3af0ae1 elementor-section-full_width elementor-section-height-min-height elementor-section-stretched elementor-section-height-default elementor-section-items-middle\" data-id=\"3af0ae1\" data-element_type=\"section\" data-e-type=\"section\" data-settings=\"{&quot;stretch_section&quot;:&quot;section-stretched&quot;,&quot;background_background&quot;:&quot;classic&quot;,&quot;jet_parallax_layout_list&quot;:[]}\">\n\t\t\t\t\t\t<div class=\"elementor-container elementor-column-gap-default\">\n\t\t\t\t\t<div class=\"elementor-column elementor-col-100 elementor-top-column elementor-element elementor-element-5d47c8a\" data-id=\"5d47c8a\" data-element_type=\"column\" data-e-type=\"column\">\n\t\t\t<div class=\"elementor-widget-wrap\">\n\t\t\t\t\t\t\t<\/div>\n\t\t<\/div>\n\t\t\t\t\t<\/div>\n\t\t<\/section>\n\t\t\t\t<section class=\"elementor-section elementor-top-section elementor-element elementor-element-ce54146 elementor-section-boxed elementor-section-height-default elementor-section-height-default\" data-id=\"ce54146\" data-element_type=\"section\" data-e-type=\"section\" data-settings=\"{&quot;jet_parallax_layout_list&quot;:[]}\">\n\t\t\t\t\t\t<div class=\"elementor-container elementor-column-gap-default\">\n\t\t\t\t\t<div class=\"elementor-column elementor-col-100 elementor-top-column elementor-element elementor-element-27cb729\" data-id=\"27cb729\" data-element_type=\"column\" data-e-type=\"column\">\n\t\t\t<div class=\"elementor-widget-wrap elementor-element-populated\">\n\t\t\t\t\t\t<div class=\"elementor-element elementor-element-62d1031 elementor-widget__width-initial elementor-widget elementor-widget-heading\" data-id=\"62d1031\" data-element_type=\"widget\" data-e-type=\"widget\" data-widget_type=\"heading.default\">\n\t\t\t\t<div class=\"elementor-widget-container\">\n\t\t\t\t\t<h1 class=\"elementor-heading-title elementor-size-default\">Informaci\u00f3n \u00fatil<\/h1>\t\t\t\t<\/div>\n\t\t\t\t<\/div>\n\t\t\t\t\t<\/div>\n\t\t<\/div>\n\t\t\t\t\t<\/div>\n\t\t<\/section>\n\t\t\t\t<section class=\"elementor-section elementor-top-section elementor-element elementor-element-6bba13a elementor-section-boxed elementor-section-height-default elementor-section-height-default\" data-id=\"6bba13a\" data-element_type=\"section\" data-e-type=\"section\" data-settings=\"{&quot;jet_parallax_layout_list&quot;:[]}\">\n\t\t\t\t\t\t<div class=\"elementor-container elementor-column-gap-default\">\n\t\t\t\t\t<div class=\"elementor-column elementor-col-50 elementor-top-column elementor-element elementor-element-dd706ca\" data-id=\"dd706ca\" data-element_type=\"column\" data-e-type=\"column\">\n\t\t\t<div class=\"elementor-widget-wrap elementor-element-populated\">\n\t\t\t\t\t\t<div class=\"elementor-element elementor-element-b23003f elementor-widget elementor-widget-image\" data-id=\"b23003f\" data-element_type=\"widget\" data-e-type=\"widget\" data-widget_type=\"image.default\">\n\t\t\t\t<div class=\"elementor-widget-container\">\n\t\t\t\t\t\t\t\t\t\t\t\t\t\t\t<img decoding=\"async\" src=\"https:\/\/www.riadimperia.com\/wp-content\/uploads\/elementor\/thumbs\/TABLE-TERRASSE-1-2-qgcu5elfa6jir7il09jlnagvqgu5chstrsr91msvpk.jpeg\" title=\"TABLE TERRASSE\" alt=\"TABLE TERRASSE\" loading=\"lazy\" \/>\t\t\t\t\t\t\t\t\t\t\t\t\t\t\t<\/div>\n\t\t\t\t<\/div>\n\t\t\t\t\t<\/div>\n\t\t<\/div>\n\t\t\t\t<div class=\"elementor-column elementor-col-50 elementor-top-column elementor-element elementor-element-5b081ae\" data-id=\"5b081ae\" data-element_type=\"column\" data-e-type=\"column\">\n\t\t\t<div class=\"elementor-widget-wrap elementor-element-populated\">\n\t\t\t\t\t\t<div class=\"elementor-element elementor-element-3d80def raven-advanced-tab-icon-position-left elementor-widget elementor-widget-raven-tabs\" data-id=\"3d80def\" data-element_type=\"widget\" data-e-type=\"widget\" data-settings=\"{&quot;tabs_pane_animation&quot;:&quot;none&quot;,&quot;tabs_event&quot;:&quot;click&quot;,&quot;scroll_to_beginning&quot;:&quot;yes&quot;}\" data-widget_type=\"raven-tabs.default\">\n\t\t\t\t<div class=\"elementor-widget-container\">\n\t\t\t\t\t\t\t<div class=\"raven-widget-wrapper\">\n\t\t\t<div class=\"raven-tabs raven-tabs-horizontal raven-tabs-card\">\n\t\t\t\t<div class=\"raven-tabs-list\" role=\"tablist\">\n\t\t\t\t\t\t\t\t\t\t\t<div id=\"raven-tabs-title-6441\" class=\"raven-tabs-title raven-tabs-desktop-title raven-tabs-active raven-tabs-has-icon\" role=\"tab\" aria-controls=\"raven-tabs-content-6441\" tabindex=\"-1\" data-tab=\"1\">\n\t\t\t\t\t\t\t\t\t\t<span class=\"raven-tabs-title-icon\">\n\t\t\t\t\t\t\t<\/span>\n\t\t\t\t\t\t\t\t\t\t<span class=\"raven-tabs-title-text\">Qu\u00e9 incluye<\/span>\n\t\t\t\t\t\t<\/div>\n\t\t\t\t\t\t\t\t\t\t\t<div id=\"raven-tabs-title-6442\" class=\"raven-tabs-title raven-tabs-desktop-title raven-tabs-has-icon\" role=\"tab\" aria-controls=\"raven-tabs-content-6442\" tabindex=\"-1\" data-tab=\"2\">\n\t\t\t\t\t\t\t\t\t\t<span class=\"raven-tabs-title-icon\">\n\t\t\t\t\t\t\t<\/span>\n\t\t\t\t\t\t\t\t\t\t<span class=\"raven-tabs-title-text\">Lo que no est\u00e1 incluido<\/span>\n\t\t\t\t\t\t<\/div>\n\t\t\t\t\t\t\t\t\t<\/div>\n\t\t\t\t<div class=\"raven-tabs-content-wrapper\">\n\t\t\t\t\t\t\n\t\t\t\t\t\t<div id=\"raven-tabs-content-6441\" class=\"raven-tabs-content elementor-clearfix raven-tabs-active\" role=\"tabpanel\" aria-labelledby=\"raven-tabs-title-6441\" data-tab=\"1\">\n\t\t\t\t<div class=\"raven-animations-none is-simple-content\">\n\t\t\t\t<ul>\n<li>Un ama de llaves que prepara y sirve el desayuno tradicional marroqu\u00ed y que se encarga de la limpieza general y de la limpieza diaria de las habitaciones del Riad de 8h a 13h.<\/li>\n<li>Un jardinero para el cuidado de la piscina y las plantas<\/li>\n<li>Ropa de casa (s\u00e1banas, toallas de ba\u00f1o, toallas de piscina)<\/li>\n<li>Electricidad, agua y gas<\/li>\n<li>T\u00e9 de bienvenida y delicias marroqu\u00edes seg\u00fan la hora de llegada<\/li>\n<li>Agua embotellada (1er d\u00eda de llegada)<\/li>\n<li>Wifi, internet y aire acondicionado y calefacci\u00f3n<\/li>\n<li>Art\u00edculos de aseo (gel de ducha y jab\u00f3n de manos)<\/li>\n<li>Secador de pelo<\/li>\n<li>Terraza y tumbonas<\/li>\n<\/ul>\n\t\t\t\t<\/div>\n\t\t\t<\/div>\n\t\t\t\n\t\t\t\t\t\t<div id=\"raven-tabs-content-6442\" class=\"raven-tabs-content elementor-clearfix\" role=\"tabpanel\" aria-labelledby=\"raven-tabs-title-6442\" data-tab=\"2\">\n\t\t\t\t<div class=\"raven-animations-none is-simple-content\">\n\t\t\t\t<ul>\n<li>Tasa tur\u00edstica de 2,5 euros por persona y noche<\/li>\n<li>Cenas previa reserva<\/li>\n<\/ul>\n\t\t\t\t<\/div>\n\t\t\t<\/div>\n\t\t\t\t\t\t\t<\/div>\n\t\t\t<\/div>\n\t\t<\/div>\n\t\t\t\t\t\t<\/div>\n\t\t\t\t<\/div>\n\t\t\t\t\t<\/div>\n\t\t<\/div>\n\t\t\t\t\t<\/div>\n\t\t<\/section>\n\t\t\t\t<section class=\"elementor-section elementor-top-section elementor-element elementor-element-4747a5f elementor-section-boxed elementor-section-height-default elementor-section-height-default\" data-id=\"4747a5f\" data-element_type=\"section\" data-e-type=\"section\" data-settings=\"{&quot;jet_parallax_layout_list&quot;:[]}\">\n\t\t\t\t\t\t<div class=\"elementor-container elementor-column-gap-default\">\n\t\t\t\t\t<div class=\"elementor-column elementor-col-50 elementor-top-column elementor-element elementor-element-41961c1\" data-id=\"41961c1\" data-element_type=\"column\" data-e-type=\"column\">\n\t\t\t<div class=\"elementor-widget-wrap elementor-element-populated\">\n\t\t\t\t\t\t<div class=\"elementor-element elementor-element-0d582e1 elementor-widget elementor-widget-image\" data-id=\"0d582e1\" data-element_type=\"widget\" data-e-type=\"widget\" data-widget_type=\"image.default\">\n\t\t\t\t<div class=\"elementor-widget-container\">\n\t\t\t\t\t\t\t\t\t\t\t\t\t\t\t<img decoding=\"async\" src=\"https:\/\/www.riadimperia.com\/wp-content\/uploads\/elementor\/thumbs\/Souk-marrakech-imperia-riad-qgcv22hirx987e2j9vtvsjqivhubtuh19gvoesddhk.jpg\" title=\"Souk-marrakech-imperia-riad\" alt=\"Souk-marrakech-imperia-riad\" loading=\"lazy\" \/>\t\t\t\t\t\t\t\t\t\t\t\t\t\t\t<\/div>\n\t\t\t\t<\/div>\n\t\t\t\t\t<\/div>\n\t\t<\/div>\n\t\t\t\t<div class=\"elementor-column elementor-col-50 elementor-top-column elementor-element elementor-element-cb4e1d0\" data-id=\"cb4e1d0\" data-element_type=\"column\" data-e-type=\"column\">\n\t\t\t<div class=\"elementor-widget-wrap elementor-element-populated\">\n\t\t\t\t\t\t<div class=\"elementor-element elementor-element-8a1b886 elementor-widget elementor-widget-heading\" data-id=\"8a1b886\" data-element_type=\"widget\" data-e-type=\"widget\" data-widget_type=\"heading.default\">\n\t\t\t\t<div class=\"elementor-widget-container\">\n\t\t\t\t\t<h2 class=\"elementor-heading-title elementor-size-default\">Extras reservables<\/h2>\t\t\t\t<\/div>\n\t\t\t\t<\/div>\n\t\t\t\t<div class=\"elementor-element elementor-element-675fa1c elementor-widget elementor-widget-text-editor\" data-id=\"675fa1c\" data-element_type=\"widget\" data-e-type=\"widget\" data-widget_type=\"text-editor.default\">\n\t\t\t\t<div class=\"elementor-widget-container\">\n\t\t\t\t\t\t\t\t\t<ul><li>Traslados al aeropuerto \/ lanzaderas<\/li><li>Cocina, comida preparada pero no servida en la mesa<\/li><li>Alquiler de coches, bicicletas y scooters<\/li><li>Spa Masajes y tratamientos de belleza ver <span style=\"text-decoration: underline;\"><a href=\"https:\/\/www.riadimperia.com\/es\/servicios\/\">Servicios<\/a><\/span><\/li><li>Excursiones ver <span style=\"text-decoration: underline;\"><a href=\"https:\/\/www.riadimperia.com\/es\/servicios\/\">Servicios<\/a><\/span><\/li><li>Todas las peticiones no incluidas en la lista est\u00e1n sujetas a un suplemento<\/li><\/ul>\t\t\t\t\t\t\t\t<\/div>\n\t\t\t\t<\/div>\n\t\t\t\t\t<\/div>\n\t\t<\/div>\n\t\t\t\t\t<\/div>\n\t\t<\/section>\n\t\t\t\t<\/div>\n\t\t","protected":false},"excerpt":{"rendered":"<p>Informaci\u00f3n \u00fatil Qu\u00e9 incluye Lo que no est\u00e1 incluido Un ama de llaves que prepara y sirve el desayuno tradicional marroqu\u00ed y que se encarga de la limpieza general y de la limpieza diaria de las habitaciones del Riad de 8h a 13h. Un jardinero para el cuidado de la piscina y las plantas Ropa [&hellip;]<\/p>\n","protected":false},"author":1,"featured_media":0,"parent":0,"menu_order":0,"comment_status":"closed","ping_status":"closed","template":"","meta":{"_acf_changed":false,"footnotes":""},"class_list":["post-2352","page","type-page","status-publish","hentry"],"acf":[],"yoast_head":"<!-- This site is optimized with the Yoast SEO plugin v27.0 - https:\/\/yoast.com\/product\/yoast-seo-wordpress\/ -->\n<title>Informaci\u00f3n \u00fatil - RIAD IMPERIA Marrakech<\/title>\n<meta name=\"robots\" content=\"index, follow, max-snippet:-1, max-image-preview:large, max-video-preview:-1\" \/>\n<link rel=\"canonical\" href=\"https:\/\/www.riadimperia.com\/infos-utiles\/\" \/>\n<meta property=\"og:locale\" content=\"es_ES\" \/>\n<meta property=\"og:type\" content=\"article\" \/>\n<meta property=\"og:title\" content=\"Informaci\u00f3n \u00fatil - RIAD IMPERIA Marrakech\" \/>\n<meta property=\"og:description\" content=\"Informaci\u00f3n \u00fatil Qu\u00e9 incluye Lo que no est\u00e1 incluido Un ama de llaves que prepara y sirve el desayuno tradicional marroqu\u00ed y que se encarga de la limpieza general y de la limpieza diaria de las habitaciones del Riad de 8h a 13h. Un jardinero para el cuidado de la piscina y las plantas Ropa [&hellip;]\" \/>\n<meta property=\"og:url\" content=\"https:\/\/www.riadimperia.com\/infos-utiles\/\" \/>\n<meta property=\"og:site_name\" content=\"RIAD IMPERIA Marrakech\" \/>\n<meta property=\"article:modified_time\" content=\"2024-08-15T14:05:44+00:00\" \/>\n<meta property=\"og:image\" content=\"https:\/\/www.riadimperia.com\/wp-content\/uploads\/elementor\/thumbs\/TABLE-TERRASSE-1-2-qgcu5elfa6jir7il09jlnagvqgu5chstrsr91msvpk.jpeg\" \/>\n<meta name=\"twitter:card\" content=\"summary_large_image\" \/>\n<meta name=\"twitter:label1\" content=\"Tiempo de lectura\" \/>\n\t<meta name=\"twitter:data1\" content=\"2 minutos\" \/>\n<script type=\"application\/ld+json\" class=\"yoast-schema-graph\">{\"@context\":\"https:\/\/schema.org\",\"@graph\":[{\"@type\":\"WebPage\",\"@id\":\"https:\/\/www.riadimperia.com\/infos-utiles\/\",\"url\":\"https:\/\/www.riadimperia.com\/infos-utiles\/\",\"name\":\"Informaci\u00f3n \u00fatil - RIAD IMPERIA Marrakech\",\"isPartOf\":{\"@id\":\"https:\/\/www.riadimperia.com\/#website\"},\"primaryImageOfPage\":{\"@id\":\"https:\/\/www.riadimperia.com\/infos-utiles\/#primaryimage\"},\"image\":{\"@id\":\"https:\/\/www.riadimperia.com\/infos-utiles\/#primaryimage\"},\"thumbnailUrl\":\"https:\/\/www.riadimperia.com\/wp-content\/uploads\/elementor\/thumbs\/TABLE-TERRASSE-1-2-qgcu5elfa6jir7il09jlnagvqgu5chstrsr91msvpk.jpeg\",\"datePublished\":\"2023-04-21T07:23:50+00:00\",\"dateModified\":\"2024-08-15T14:05:44+00:00\",\"breadcrumb\":{\"@id\":\"https:\/\/www.riadimperia.com\/infos-utiles\/#breadcrumb\"},\"inLanguage\":\"es\",\"potentialAction\":[{\"@type\":\"ReadAction\",\"target\":[\"https:\/\/www.riadimperia.com\/infos-utiles\/\"]}]},{\"@type\":\"ImageObject\",\"inLanguage\":\"es\",\"@id\":\"https:\/\/www.riadimperia.com\/infos-utiles\/#primaryimage\",\"url\":\"https:\/\/www.riadimperia.com\/wp-content\/uploads\/elementor\/thumbs\/TABLE-TERRASSE-1-2-qgcu5elfa6jir7il09jlnagvqgu5chstrsr91msvpk.jpeg\",\"contentUrl\":\"https:\/\/www.riadimperia.com\/wp-content\/uploads\/elementor\/thumbs\/TABLE-TERRASSE-1-2-qgcu5elfa6jir7il09jlnagvqgu5chstrsr91msvpk.jpeg\"},{\"@type\":\"BreadcrumbList\",\"@id\":\"https:\/\/www.riadimperia.com\/infos-utiles\/#breadcrumb\",\"itemListElement\":[{\"@type\":\"ListItem\",\"position\":1,\"name\":\"Accueil\",\"item\":\"https:\/\/www.riadimperia.com\/\"},{\"@type\":\"ListItem\",\"position\":2,\"name\":\"Informaci\u00f3n \u00fatil\"}]},{\"@type\":\"WebSite\",\"@id\":\"https:\/\/www.riadimperia.com\/#website\",\"url\":\"https:\/\/www.riadimperia.com\/\",\"name\":\"RIAD IMPERIA Marrakech\",\"description\":\"Riad privatis\u00e9 Marrakech\",\"potentialAction\":[{\"@type\":\"SearchAction\",\"target\":{\"@type\":\"EntryPoint\",\"urlTemplate\":\"https:\/\/www.riadimperia.com\/?s={search_term_string}\"},\"query-input\":{\"@type\":\"PropertyValueSpecification\",\"valueRequired\":true,\"valueName\":\"search_term_string\"}}],\"inLanguage\":\"es\"}]}<\/script>\n<!-- \/ Yoast SEO plugin. -->","yoast_head_json":{"title":"Informaci\u00f3n \u00fatil - RIAD IMPERIA Marrakech","robots":{"index":"index","follow":"follow","max-snippet":"max-snippet:-1","max-image-preview":"max-image-preview:large","max-video-preview":"max-video-preview:-1"},"canonical":"https:\/\/www.riadimperia.com\/infos-utiles\/","og_locale":"es_ES","og_type":"article","og_title":"Informaci\u00f3n \u00fatil - RIAD IMPERIA Marrakech","og_description":"Informaci\u00f3n \u00fatil Qu\u00e9 incluye Lo que no est\u00e1 incluido Un ama de llaves que prepara y sirve el desayuno tradicional marroqu\u00ed y que se encarga de la limpieza general y de la limpieza diaria de las habitaciones del Riad de 8h a 13h. Un jardinero para el cuidado de la piscina y las plantas Ropa [&hellip;]","og_url":"https:\/\/www.riadimperia.com\/infos-utiles\/","og_site_name":"RIAD IMPERIA Marrakech","article_modified_time":"2024-08-15T14:05:44+00:00","og_image":[{"url":"https:\/\/www.riadimperia.com\/wp-content\/uploads\/elementor\/thumbs\/TABLE-TERRASSE-1-2-qgcu5elfa6jir7il09jlnagvqgu5chstrsr91msvpk.jpeg","type":"","width":"","height":""}],"twitter_card":"summary_large_image","twitter_misc":{"Tiempo de lectura":"2 minutos"},"schema":{"@context":"https:\/\/schema.org","@graph":[{"@type":"WebPage","@id":"https:\/\/www.riadimperia.com\/infos-utiles\/","url":"https:\/\/www.riadimperia.com\/infos-utiles\/","name":"Informaci\u00f3n \u00fatil - RIAD IMPERIA Marrakech","isPartOf":{"@id":"https:\/\/www.riadimperia.com\/#website"},"primaryImageOfPage":{"@id":"https:\/\/www.riadimperia.com\/infos-utiles\/#primaryimage"},"image":{"@id":"https:\/\/www.riadimperia.com\/infos-utiles\/#primaryimage"},"thumbnailUrl":"https:\/\/www.riadimperia.com\/wp-content\/uploads\/elementor\/thumbs\/TABLE-TERRASSE-1-2-qgcu5elfa6jir7il09jlnagvqgu5chstrsr91msvpk.jpeg","datePublished":"2023-04-21T07:23:50+00:00","dateModified":"2024-08-15T14:05:44+00:00","breadcrumb":{"@id":"https:\/\/www.riadimperia.com\/infos-utiles\/#breadcrumb"},"inLanguage":"es","potentialAction":[{"@type":"ReadAction","target":["https:\/\/www.riadimperia.com\/infos-utiles\/"]}]},{"@type":"ImageObject","inLanguage":"es","@id":"https:\/\/www.riadimperia.com\/infos-utiles\/#primaryimage","url":"https:\/\/www.riadimperia.com\/wp-content\/uploads\/elementor\/thumbs\/TABLE-TERRASSE-1-2-qgcu5elfa6jir7il09jlnagvqgu5chstrsr91msvpk.jpeg","contentUrl":"https:\/\/www.riadimperia.com\/wp-content\/uploads\/elementor\/thumbs\/TABLE-TERRASSE-1-2-qgcu5elfa6jir7il09jlnagvqgu5chstrsr91msvpk.jpeg"},{"@type":"BreadcrumbList","@id":"https:\/\/www.riadimperia.com\/infos-utiles\/#breadcrumb","itemListElement":[{"@type":"ListItem","position":1,"name":"Accueil","item":"https:\/\/www.riadimperia.com\/"},{"@type":"ListItem","position":2,"name":"Informaci\u00f3n \u00fatil"}]},{"@type":"WebSite","@id":"https:\/\/www.riadimperia.com\/#website","url":"https:\/\/www.riadimperia.com\/","name":"RIAD IMPERIA Marrakech","description":"Riad privatis\u00e9 Marrakech","potentialAction":[{"@type":"SearchAction","target":{"@type":"EntryPoint","urlTemplate":"https:\/\/www.riadimperia.com\/?s={search_term_string}"},"query-input":{"@type":"PropertyValueSpecification","valueRequired":true,"valueName":"search_term_string"}}],"inLanguage":"es"}]}},"_links":{"self":[{"href":"https:\/\/www.riadimperia.com\/es\/wp-json\/wp\/v2\/pages\/2352","targetHints":{"allow":["GET"]}}],"collection":[{"href":"https:\/\/www.riadimperia.com\/es\/wp-json\/wp\/v2\/pages"}],"about":[{"href":"https:\/\/www.riadimperia.com\/es\/wp-json\/wp\/v2\/types\/page"}],"author":[{"embeddable":true,"href":"https:\/\/www.riadimperia.com\/es\/wp-json\/wp\/v2\/users\/1"}],"replies":[{"embeddable":true,"href":"https:\/\/www.riadimperia.com\/es\/wp-json\/wp\/v2\/comments?post=2352"}],"version-history":[{"count":4,"href":"https:\/\/www.riadimperia.com\/es\/wp-json\/wp\/v2\/pages\/2352\/revisions"}],"predecessor-version":[{"id":2362,"href":"https:\/\/www.riadimperia.com\/es\/wp-json\/wp\/v2\/pages\/2352\/revisions\/2362"}],"wp:attachment":[{"href":"https:\/\/www.riadimperia.com\/es\/wp-json\/wp\/v2\/media?parent=2352"}],"curies":[{"name":"wp","href":"https:\/\/api.w.org\/{rel}","templated":true}]}}