{"id":2354,"date":"2023-04-21T09:25:44","date_gmt":"2023-04-21T07:25:44","guid":{"rendered":"https:\/\/www.riadimperia.com\/reserva\/"},"modified":"2024-12-21T12:19:02","modified_gmt":"2024-12-21T11:19:02","slug":"reserva","status":"publish","type":"page","link":"https:\/\/www.riadimperia.com\/es\/reserva\/","title":{"rendered":"Reserva"},"content":{"rendered":"\t\t<div data-elementor-type=\"wp-page\" data-elementor-id=\"2354\" class=\"elementor elementor-2354 elementor-31\">\n\t\t\t\t\t\t<section class=\"elementor-section elementor-top-section elementor-element elementor-element-83386b9 elementor-section-full_width elementor-section-height-min-height elementor-section-stretched elementor-section-height-default elementor-section-items-middle\" data-id=\"83386b9\" data-element_type=\"section\" data-e-type=\"section\" data-settings=\"{&quot;stretch_section&quot;:&quot;section-stretched&quot;,&quot;background_background&quot;:&quot;classic&quot;,&quot;jet_parallax_layout_list&quot;:[]}\">\n\t\t\t\t\t\t<div class=\"elementor-container elementor-column-gap-default\">\n\t\t\t\t\t<div class=\"elementor-column elementor-col-100 elementor-top-column elementor-element elementor-element-c9bb2d1\" data-id=\"c9bb2d1\" data-element_type=\"column\" data-e-type=\"column\">\n\t\t\t<div class=\"elementor-widget-wrap\">\n\t\t\t\t\t\t\t<\/div>\n\t\t<\/div>\n\t\t\t\t\t<\/div>\n\t\t<\/section>\n\t\t\t\t<section class=\"elementor-section elementor-top-section elementor-element elementor-element-86b474d elementor-section-boxed elementor-section-height-default elementor-section-height-default\" data-id=\"86b474d\" data-element_type=\"section\" data-e-type=\"section\" data-settings=\"{&quot;jet_parallax_layout_list&quot;:[]}\">\n\t\t\t\t\t\t<div class=\"elementor-container elementor-column-gap-default\">\n\t\t\t\t\t<div class=\"elementor-column elementor-col-100 elementor-top-column elementor-element elementor-element-f3cb80a\" data-id=\"f3cb80a\" data-element_type=\"column\" data-e-type=\"column\">\n\t\t\t<div class=\"elementor-widget-wrap elementor-element-populated\">\n\t\t\t\t\t\t<div class=\"elementor-element elementor-element-f399890 elementor-widget__width-initial elementor-widget elementor-widget-heading\" data-id=\"f399890\" data-element_type=\"widget\" data-e-type=\"widget\" data-widget_type=\"heading.default\">\n\t\t\t\t<div class=\"elementor-widget-container\">\n\t\t\t\t\t<h1 class=\"elementor-heading-title elementor-size-default\">Reserva<\/h1>\t\t\t\t<\/div>\n\t\t\t\t<\/div>\n\t\t\t\t<div class=\"elementor-element elementor-element-8d5b71c elementor-widget elementor-widget-text-editor\" data-id=\"8d5b71c\" data-element_type=\"widget\" data-e-type=\"widget\" data-widget_type=\"text-editor.default\">\n\t\t\t\t<div class=\"elementor-widget-container\">\n\t\t\t\t\t\t\t\t\t<p><strong>RESERVE DIRECTAMENTE PARA OBTENER LAS MEJORES TARIFAS<\/strong><\/p>\n<p>A 15 minutos a pie de los zocos y de la famosa plaza Jemaa el Fna, as\u00ed como de los principales campos de golf, apreciar\u00e1 la tranquilidad del alojamiento.<br \/>\nEn familia o con amigos, el Riad ser\u00e1 totalmente privado durante su estancia.<br \/>\nPara su comodidad, 6 habitaciones con ba\u00f1o privado, disfrutar de la terraza y su solarium y sala de estar.<br \/>\nSer\u00e1 recibido por nuestra ama de llaves. (Desayunos, limpieza diaria, comidas a petici\u00f3n).<\/p>\n<p><strong>El alojamiento<\/strong><\/p>\n<p>El Riad fue completamente renovado en 2023. Ofrece un confort moderno respetando la tradici\u00f3n marroqu\u00ed.<br \/>\nDise\u00f1ado para alojar a un m\u00e1ximo de 13 personas, la cocina totalmente equipada est\u00e1 a su disposici\u00f3n, junto con un amplio y acogedor sal\u00f3n donde podr\u00e1 relajarse o disfrutar de sus comidas. Tambi\u00e9n dispone de un televisor de pantalla grande con todos los canales internacionales. El Riad est\u00e1 equipado con acceso a Internet por fibra \u00f3ptica y ofrece una potente conexi\u00f3n.<\/p>\n<p>Dentro del patio, podr\u00e1 relajarse con amigos o familiares en la refrescante piscina. Aqu\u00ed podr\u00e1 leer, disfrutar de un zumo de naranja reci\u00e9n exprimido por nuestra ama de llaves o de un t\u00e9 a la menta.<\/p>\n<p>La casa cuenta con seis amplias habitaciones con aire acondicionado. Cada una tiene su propio cuarto de ba\u00f1o con aseo y ducha. Para mayor comodidad, se proporciona ropa de cama y ba\u00f1o y art\u00edculos de aseo. El servicio de limpieza est\u00e1 incluido.<\/p>\n<p>En la planta superior, encontrar\u00e1 una gran terraza con sol\u00e1rium. Aqu\u00ed podr\u00e1 disfrutar de su desayuno.<br \/>\nSin duda apreciar\u00e1 las magn\u00edficas puestas de sol.<\/p>\n<p>Todo est\u00e1 climatizado (o calefactado, seg\u00fan la temporada), por lo que podr\u00e1 disfrutar del lugar tanto en verano como en invierno.<\/p>\n<p>Todo el Riad est\u00e1 disponible para uso privado durante su estancia.<br \/>\nEl desayuno est\u00e1 incluido en el precio.<\/p>\n<p><strong>Acceso para viajeros<\/strong><\/p>\n<p>Durante su estancia, tendr\u00e1 acceso a toda la casa y ser\u00e1n los \u00fanicos ocupantes del Riad, ya que a nuestros viajeros les gusta relacionarse entre ellos.<\/p>\n<p>Tenga en cuenta que las fiestas ruidosas est\u00e1n prohibidas para respetar la calma del barrio.<\/p>\n<p>Se puede visitar toda la ciudad a pie.<\/p>\n<p><strong>Otros comentarios<\/strong><\/p>\n<p>Nos gustar\u00eda llamar la atenci\u00f3n de los padres sobre la presencia de una piscina en el interior del alojamiento. Esto requiere vigilancia por su parte para los ni\u00f1os peque\u00f1os.<\/p>\n<p>Cumplimos plenamente la legislaci\u00f3n marroqu\u00ed; se exige un certificado de matrimonio a las parejas de nacionalidad marroqu\u00ed en el momento del check-in.<\/p>\n<p>Las despedidas de soltero y otras celebraciones de este tipo no son adecuadas para los Riads.<br \/>\nPuede ponerse en contacto con nosotros en cualquier momento para asegurarse de que su estancia sea un \u00e9xito.<br \/>\nA petici\u00f3n, podemos ofrecerle una selecci\u00f3n de excursiones, tratamientos, restaurantes y otras buenas direcciones&#8230;<br \/>\nHaremos todo lo posible para acompa\u00f1arle seg\u00fan sus necesidades durante su estancia en nuestra casa.<\/p>\n<p>Renovaci\u00f3n, decoraci\u00f3n, todo ha sido procurado, fabricado y comprado localmente.<\/p>\n<p>M\u00e1s que un simple viaje, todo se har\u00e1 para que cada estancia sea \u00fanica y que la magia del lugar funcione. Acogida y gesti\u00f3n personalizada de los hu\u00e9spedes, asistencia en sus tr\u00e1mites y actividades.<\/p>\n\t\t\t\t\t\t\t\t<\/div>\n\t\t\t\t<\/div>\n\t\t\t\t<div class=\"elementor-element elementor-element-7f9d4d9 elementor-widget__width-initial elementor-widget elementor-widget-heading\" data-id=\"7f9d4d9\" data-element_type=\"widget\" data-e-type=\"widget\" data-widget_type=\"heading.default\">\n\t\t\t\t<div class=\"elementor-widget-container\">\n\t\t\t\t\t<h1 class=\"elementor-heading-title elementor-size-default\">Condiciones generales de venta<\/h1>\t\t\t\t<\/div>\n\t\t\t\t<\/div>\n\t\t\t\t\t<\/div>\n\t\t<\/div>\n\t\t\t\t\t<\/div>\n\t\t<\/section>\n\t\t\t\t<section class=\"elementor-section elementor-top-section elementor-element elementor-element-b5d327c elementor-section-boxed elementor-section-height-default elementor-section-height-default\" data-id=\"b5d327c\" data-element_type=\"section\" data-e-type=\"section\" data-settings=\"{&quot;jet_parallax_layout_list&quot;:[]}\">\n\t\t\t\t\t\t<div class=\"elementor-container elementor-column-gap-default\">\n\t\t\t\t\t<div class=\"elementor-column elementor-col-20 elementor-top-column elementor-element elementor-element-d702599\" data-id=\"d702599\" data-element_type=\"column\" data-e-type=\"column\">\n\t\t\t<div class=\"elementor-widget-wrap elementor-element-populated\">\n\t\t\t\t\t\t<div class=\"elementor-element elementor-element-33cb922 elementor-widget elementor-widget-icon-box\" data-id=\"33cb922\" data-element_type=\"widget\" data-e-type=\"widget\" data-widget_type=\"icon-box.default\">\n\t\t\t\t<div class=\"elementor-widget-container\">\n\t\t\t\t\t\t\t<div class=\"elementor-icon-box-wrapper\">\n\n\t\t\t\n\t\t\t\t\t\t<div class=\"elementor-icon-box-content\">\n\n\t\t\t\t\t\t\t\t\t<h3 class=\"elementor-icon-box-title\">\n\t\t\t\t\t\t<span  >\n\t\t\t\t\t\t\tLlegada\t\t\t\t\t\t<\/span>\n\t\t\t\t\t<\/h3>\n\t\t\t\t\n\t\t\t\t\t\t\t\t\t<p class=\"elementor-icon-box-description\">\n\t\t\t\t\t\t15:00<br>\r\nRecepci\u00f3n 24\/24h\t\t\t\t\t<\/p>\n\t\t\t\t\n\t\t\t<\/div>\n\t\t\t\n\t\t<\/div>\n\t\t\t\t\t\t<\/div>\n\t\t\t\t<\/div>\n\t\t\t\t\t<\/div>\n\t\t<\/div>\n\t\t\t\t<div class=\"elementor-column elementor-col-20 elementor-top-column elementor-element elementor-element-2b8b5cb\" data-id=\"2b8b5cb\" data-element_type=\"column\" data-e-type=\"column\">\n\t\t\t<div class=\"elementor-widget-wrap elementor-element-populated\">\n\t\t\t\t\t\t<div class=\"elementor-element elementor-element-7487ec6 elementor-widget elementor-widget-icon-box\" data-id=\"7487ec6\" data-element_type=\"widget\" data-e-type=\"widget\" data-widget_type=\"icon-box.default\">\n\t\t\t\t<div class=\"elementor-widget-container\">\n\t\t\t\t\t\t\t<div class=\"elementor-icon-box-wrapper\">\n\n\t\t\t\n\t\t\t\t\t\t<div class=\"elementor-icon-box-content\">\n\n\t\t\t\t\t\t\t\t\t<h3 class=\"elementor-icon-box-title\">\n\t\t\t\t\t\t<span  >\n\t\t\t\t\t\t\tSalida\t\t\t\t\t\t<\/span>\n\t\t\t\t\t<\/h3>\n\t\t\t\t\n\t\t\t\t\t\t\t\t\t<p class=\"elementor-icon-box-description\">\n\t\t\t\t\t\t11:00\t\t\t\t\t<\/p>\n\t\t\t\t\n\t\t\t<\/div>\n\t\t\t\n\t\t<\/div>\n\t\t\t\t\t\t<\/div>\n\t\t\t\t<\/div>\n\t\t\t\t\t<\/div>\n\t\t<\/div>\n\t\t\t\t<div class=\"elementor-column elementor-col-20 elementor-top-column elementor-element elementor-element-3f32990\" data-id=\"3f32990\" data-element_type=\"column\" data-e-type=\"column\">\n\t\t\t<div class=\"elementor-widget-wrap elementor-element-populated\">\n\t\t\t\t\t\t<div class=\"elementor-element elementor-element-0c78031 elementor-widget elementor-widget-icon-box\" data-id=\"0c78031\" data-element_type=\"widget\" data-e-type=\"widget\" data-widget_type=\"icon-box.default\">\n\t\t\t\t<div class=\"elementor-widget-container\">\n\t\t\t\t\t\t\t<div class=\"elementor-icon-box-wrapper\">\n\n\t\t\t\n\t\t\t\t\t\t<div class=\"elementor-icon-box-content\">\n\n\t\t\t\t\t\t\t\t\t<h3 class=\"elementor-icon-box-title\">\n\t\t\t\t\t\t<span  >\n\t\t\t\t\t\t\tNormas para fumadores\t\t\t\t\t\t<\/span>\n\t\t\t\t\t<\/h3>\n\t\t\t\t\n\t\t\t\t\t\t\t\t\t<p class=\"elementor-icon-box-description\">\n\t\t\t\t\t\tProhibido fumar en el interior\t\t\t\t\t<\/p>\n\t\t\t\t\n\t\t\t<\/div>\n\t\t\t\n\t\t<\/div>\n\t\t\t\t\t\t<\/div>\n\t\t\t\t<\/div>\n\t\t\t\t\t<\/div>\n\t\t<\/div>\n\t\t\t\t<div class=\"elementor-column elementor-col-20 elementor-top-column elementor-element elementor-element-171ccef\" data-id=\"171ccef\" data-element_type=\"column\" data-e-type=\"column\">\n\t\t\t<div class=\"elementor-widget-wrap elementor-element-populated\">\n\t\t\t\t\t\t<div class=\"elementor-element elementor-element-5728589 elementor-widget elementor-widget-icon-box\" data-id=\"5728589\" data-element_type=\"widget\" data-e-type=\"widget\" data-widget_type=\"icon-box.default\">\n\t\t\t\t<div class=\"elementor-widget-container\">\n\t\t\t\t\t\t\t<div class=\"elementor-icon-box-wrapper\">\n\n\t\t\t\n\t\t\t\t\t\t<div class=\"elementor-icon-box-content\">\n\n\t\t\t\t\t\t\t\t\t<h3 class=\"elementor-icon-box-title\">\n\t\t\t\t\t\t<span  >\n\t\t\t\t\t\t\tMascotas\t\t\t\t\t\t<\/span>\n\t\t\t\t\t<\/h3>\n\t\t\t\t\n\t\t\t\t\t\t\t\t\t<p class=\"elementor-icon-box-description\">\n\t\t\t\t\t\tNo se admiten animales\t\t\t\t\t<\/p>\n\t\t\t\t\n\t\t\t<\/div>\n\t\t\t\n\t\t<\/div>\n\t\t\t\t\t\t<\/div>\n\t\t\t\t<\/div>\n\t\t\t\t\t<\/div>\n\t\t<\/div>\n\t\t\t\t<div class=\"elementor-column elementor-col-20 elementor-top-column elementor-element elementor-element-528a9d3\" data-id=\"528a9d3\" data-element_type=\"column\" data-e-type=\"column\">\n\t\t\t<div class=\"elementor-widget-wrap elementor-element-populated\">\n\t\t\t\t\t\t<div class=\"elementor-element elementor-element-b97c62d elementor-widget elementor-widget-icon-box\" data-id=\"b97c62d\" data-element_type=\"widget\" data-e-type=\"widget\" data-widget_type=\"icon-box.default\">\n\t\t\t\t<div class=\"elementor-widget-container\">\n\t\t\t\t\t\t\t<div class=\"elementor-icon-box-wrapper\">\n\n\t\t\t\n\t\t\t\t\t\t<div class=\"elementor-icon-box-content\">\n\n\t\t\t\t\t\t\t\t\t<h3 class=\"elementor-icon-box-title\">\n\t\t\t\t\t\t<span  >\n\t\t\t\t\t\t\tVacaciones autorizadas\t\t\t\t\t\t<\/span>\n\t\t\t\t\t<\/h3>\n\t\t\t\t\n\t\t\t\t\t\t\t\t\t<p class=\"elementor-icon-box-description\">\n\t\t\t\t\t\tPartes no autorizadas\t\t\t\t\t<\/p>\n\t\t\t\t\n\t\t\t<\/div>\n\t\t\t\n\t\t<\/div>\n\t\t\t\t\t\t<\/div>\n\t\t\t\t<\/div>\n\t\t\t\t\t<\/div>\n\t\t<\/div>\n\t\t\t\t\t<\/div>\n\t\t<\/section>\n\t\t\t\t<section class=\"elementor-section elementor-top-section elementor-element elementor-element-2e0ba73 elementor-section-boxed elementor-section-height-default elementor-section-height-default\" data-id=\"2e0ba73\" data-element_type=\"section\" data-e-type=\"section\" data-settings=\"{&quot;jet_parallax_layout_list&quot;:[]}\">\n\t\t\t\t\t\t<div class=\"elementor-container elementor-column-gap-default\">\n\t\t\t\t\t<div class=\"elementor-column elementor-col-50 elementor-top-column elementor-element elementor-element-8bc4fff\" data-id=\"8bc4fff\" data-element_type=\"column\" data-e-type=\"column\">\n\t\t\t<div class=\"elementor-widget-wrap elementor-element-populated\">\n\t\t\t\t\t\t<div class=\"elementor-element elementor-element-3a59ef3 elementor-widget__width-initial elementor-widget-tablet__width-inherit elementor-widget elementor-widget-heading\" data-id=\"3a59ef3\" data-element_type=\"widget\" data-e-type=\"widget\" data-widget_type=\"heading.default\">\n\t\t\t\t<div class=\"elementor-widget-container\">\n\t\t\t\t\t<h2 class=\"elementor-heading-title elementor-size-default\"><a href=\"https:\/\/www.google.com\/maps\/place\/Riad+IMPERIA+-+Privatis%C3%A9\/@31.6139269,-7.9892958,15z\/data=!4m9!3m8!1s0xdafef79cc0233d7:0x7fe73e380c5c5ddb!5m2!4m1!1i2!8m2!3d31.6139269!4d-7.9892958!16s%2Fg%2F11kj54q3dd?entry=ttu\" target=\"_blank\">RIAD IMPERIA<br>96 Derb Kbala KASBAH<br>Medina, Marrakech<\/a><\/h2>\t\t\t\t<\/div>\n\t\t\t\t<\/div>\n\t\t\t\t<div class=\"elementor-element elementor-element-a00d202 elementor-align-start elementor-widget__width-initial elementor-mobile-align-center elementor-widget-tablet__width-inherit elementor-icon-list--layout-traditional elementor-list-item-link-full_width elementor-widget elementor-widget-icon-list\" data-id=\"a00d202\" data-element_type=\"widget\" data-e-type=\"widget\" data-widget_type=\"icon-list.default\">\n\t\t\t\t<div class=\"elementor-widget-container\">\n\t\t\t\t\t\t\t<ul class=\"elementor-icon-list-items\">\n\t\t\t\t\t\t\t<li class=\"elementor-icon-list-item\">\n\t\t\t\t\t\t\t\t\t\t\t<a href=\"mailto:contact@riadimperia.com\">\n\n\t\t\t\t\t\t\t\t\t\t\t\t<span class=\"elementor-icon-list-icon\">\n\t\t\t\t\t\t\t<i aria-hidden=\"true\" class=\"fas fa-envelope\"><\/i>\t\t\t\t\t\t<\/span>\n\t\t\t\t\t\t\t\t\t\t<span class=\"elementor-icon-list-text\">contact@riadimperia.com<\/span>\n\t\t\t\t\t\t\t\t\t\t\t<\/a>\n\t\t\t\t\t\t\t\t\t<\/li>\n\t\t\t\t\t\t<\/ul>\n\t\t\t\t\t\t<\/div>\n\t\t\t\t<\/div>\n\t\t\t\t<div class=\"elementor-element elementor-element-d415ac9 elementor-icon-list--layout-inline elementor-align-start elementor-mobile-align-center elementor-list-item-link-full_width elementor-widget elementor-widget-icon-list\" data-id=\"d415ac9\" data-element_type=\"widget\" data-e-type=\"widget\" data-widget_type=\"icon-list.default\">\n\t\t\t\t<div class=\"elementor-widget-container\">\n\t\t\t\t\t\t\t<ul class=\"elementor-icon-list-items elementor-inline-items\">\n\t\t\t\t\t\t\t<li class=\"elementor-icon-list-item elementor-inline-item\">\n\t\t\t\t\t\t\t\t\t\t\t<a href=\"tel:212763302300\">\n\n\t\t\t\t\t\t\t\t\t\t\t\t<span class=\"elementor-icon-list-icon\">\n\t\t\t\t\t\t\t<i aria-hidden=\"true\" class=\"fas fa-phone-alt\"><\/i>\t\t\t\t\t\t<\/span>\n\t\t\t\t\t\t\t\t\t\t<span class=\"elementor-icon-list-text\">+212 7 63 30 23 00<\/span>\n\t\t\t\t\t\t\t\t\t\t\t<\/a>\n\t\t\t\t\t\t\t\t\t<\/li>\n\t\t\t\t\t\t<\/ul>\n\t\t\t\t\t\t<\/div>\n\t\t\t\t<\/div>\n\t\t\t\t<div class=\"elementor-element elementor-element-7644e40 elementor-widget elementor-widget-text-editor\" data-id=\"7644e40\" data-element_type=\"widget\" data-e-type=\"widget\" data-widget_type=\"text-editor.default\">\n\t\t\t\t<div class=\"elementor-widget-container\">\n\t\t\t\t\t\t\t\t\t<p>En el coraz\u00f3n de la medina, el Riad Imperia goza de una ubicaci\u00f3n ideal a 15 minutos a pie de la plaza Jemaa El Fna.<br \/>\nProximidad inmediata a numerosos lugares de inter\u00e9s cultural como :<\/p>\n<ul>\n<li>Zocos (1 min) y hammams<\/li>\n<li>Plaza Jemaa el Fna y la Koutoubia (15 min)<\/li>\n<li>Medersa Ben Youssef y el Museo de Marrakech (20 min)<\/li>\n<li>Palacio de la Bah\u00eda (20 min)<\/li>\n<li>El Palacio El Baadi y las Tumbas Saad\u00edes (10 min)<\/li>\n<li>El Jard\u00edn Majorelle y el Museo Yves St Laurent (25 min)<\/li>\n<li>Las Tumbas Saad\u00edes (5 min)<\/li>\n<li>La Koutoubia (10 min)<\/li>\n<\/ul>\n\t\t\t\t\t\t\t\t<\/div>\n\t\t\t\t<\/div>\n\t\t\t\t\t<\/div>\n\t\t<\/div>\n\t\t\t\t<div class=\"elementor-column elementor-col-50 elementor-top-column elementor-element elementor-element-902f526\" data-id=\"902f526\" data-element_type=\"column\" data-e-type=\"column\" data-settings=\"{&quot;background_background&quot;:&quot;classic&quot;}\">\n\t\t\t<div class=\"elementor-widget-wrap elementor-element-populated\">\n\t\t\t\t\t\t<div data-color=\"#C3B361,#000000,#C3B361,#C3B361,#000000\" class=\"elementor-element elementor-element-92a7792 elementor-widget__width-auto raven-animated-gradient-yes elementor-widget elementor-widget-raven-button\" data-id=\"92a7792\" data-element_type=\"widget\" data-e-type=\"widget\" data-settings=\"{&quot;turn_to_popup_action_button&quot;:&quot;no&quot;}\" data-widget_type=\"raven-button.default\">\n\t\t\t\t<div class=\"elementor-widget-container\">\n\t\t\t\t\t\t\t<div class=\"raven-widget-wrapper\">\n\t\t\t<a class=\"raven-button raven-button-widget-normal-effect-none  raven-button-text-align-center raven-button-link elementor-animation-none\" href=\"https:\/\/checkout.lodgify.com\/riadimperia\/fr\/?currency=EUR&#038;ref=bnbox#\/482365\" target=\"_blank\">\t\t\t\t<div class=\"raven-button-overlay\" data-background-size=\"400% 100%\" data-animation-name=\"AnimatedGradientBgLeft\" class=\"raven-animated-gradient\" data-angle=\"90deg\" data-speed=\"3s\" data-color=\"#C3B361,#000000,#C3B361,#C3B361,#000000\" style=\"background-image : linear-gradient( 90deg,#C3B361,#000000,#C3B361,#C3B361,#000000 );animation-duration: 3s;animation-name: AnimatedGradientBgLeft;background-size: 400% 100%;\"><\/div>\n\t\t\t\t<span class=\"raven-button-content\">\n\t\t\t\t\t\n\t\t\t\t\t<div class=\"button-text-container\">\n\t\t\t\t\t\t\t\t\t\t\t\t<div class=\"raven-button-texts-wrapper\">\n\t\t\t\t\t\t\t<div class=\"button-text\">\n\t\t\t\t\t\t\t\t<span class=\"raven-button-text\">\n\t\t\t\t\t\t\t\t\tReserve\t\t\t\t\t\t\t\t<\/span>\n\t\t\t\t\t\t\t<\/div>\n\t\t\t\t\t\t\t\t\t\t\t\t\t<\/div>\n\t\t\t\t\t\t\t\t\t\t\t<\/div>\n\t\t\t\t\t\n\t\t\t\t\t\t\t\t\t<\/span>\n\t\t\t<\/a>\t\t<\/div>\n\t\t\t\t\t\t<\/div>\n\t\t\t\t<\/div>\n\t\t\t\t\t<\/div>\n\t\t<\/div>\n\t\t\t\t\t<\/div>\n\t\t<\/section>\n\t\t\t\t<\/div>\n\t\t","protected":false},"excerpt":{"rendered":"<p>Reserva RESERVE DIRECTAMENTE PARA OBTENER LAS MEJORES TARIFAS A 15 minutos a pie de los zocos y de la famosa plaza Jemaa el Fna, as\u00ed como de los principales campos de golf, apreciar\u00e1 la tranquilidad del alojamiento. En familia o con amigos, el Riad ser\u00e1 totalmente privado durante su estancia. Para su comodidad, 6 habitaciones [&hellip;]<\/p>\n","protected":false},"author":1,"featured_media":0,"parent":0,"menu_order":0,"comment_status":"closed","ping_status":"closed","template":"","meta":{"_acf_changed":false,"footnotes":""},"class_list":["post-2354","page","type-page","status-publish","hentry"],"acf":[],"yoast_head":"<!-- This site is optimized with the Yoast SEO plugin v27.0 - https:\/\/yoast.com\/product\/yoast-seo-wordpress\/ -->\n<title>Reserva - RIAD IMPERIA Marrakech<\/title>\n<meta name=\"robots\" content=\"index, follow, max-snippet:-1, max-image-preview:large, max-video-preview:-1\" \/>\n<link rel=\"canonical\" href=\"https:\/\/www.riadimperia.com\/reservation-2\/\" \/>\n<meta property=\"og:locale\" content=\"es_ES\" \/>\n<meta property=\"og:type\" content=\"article\" \/>\n<meta property=\"og:title\" content=\"Reserva - RIAD IMPERIA Marrakech\" \/>\n<meta property=\"og:description\" content=\"Reserva RESERVE DIRECTAMENTE PARA OBTENER LAS MEJORES TARIFAS A 15 minutos a pie de los zocos y de la famosa plaza Jemaa el Fna, as\u00ed como de los principales campos de golf, apreciar\u00e1 la tranquilidad del alojamiento. En familia o con amigos, el Riad ser\u00e1 totalmente privado durante su estancia. Para su comodidad, 6 habitaciones [&hellip;]\" \/>\n<meta property=\"og:url\" content=\"https:\/\/www.riadimperia.com\/reservation-2\/\" \/>\n<meta property=\"og:site_name\" content=\"RIAD IMPERIA Marrakech\" \/>\n<meta property=\"article:modified_time\" content=\"2024-12-21T11:19:02+00:00\" \/>\n<meta name=\"twitter:card\" content=\"summary_large_image\" \/>\n<meta name=\"twitter:label1\" content=\"Tiempo de lectura\" \/>\n\t<meta name=\"twitter:data1\" content=\"3 minutos\" \/>\n<script type=\"application\/ld+json\" class=\"yoast-schema-graph\">{\"@context\":\"https:\/\/schema.org\",\"@graph\":[{\"@type\":\"WebPage\",\"@id\":\"https:\/\/www.riadimperia.com\/reservation-2\/\",\"url\":\"https:\/\/www.riadimperia.com\/reservation-2\/\",\"name\":\"Reserva - RIAD IMPERIA Marrakech\",\"isPartOf\":{\"@id\":\"https:\/\/www.riadimperia.com\/#website\"},\"datePublished\":\"2023-04-21T07:25:44+00:00\",\"dateModified\":\"2024-12-21T11:19:02+00:00\",\"breadcrumb\":{\"@id\":\"https:\/\/www.riadimperia.com\/reservation-2\/#breadcrumb\"},\"inLanguage\":\"es\",\"potentialAction\":[{\"@type\":\"ReadAction\",\"target\":[\"https:\/\/www.riadimperia.com\/reservation-2\/\"]}]},{\"@type\":\"BreadcrumbList\",\"@id\":\"https:\/\/www.riadimperia.com\/reservation-2\/#breadcrumb\",\"itemListElement\":[{\"@type\":\"ListItem\",\"position\":1,\"name\":\"Accueil\",\"item\":\"https:\/\/www.riadimperia.com\/\"},{\"@type\":\"ListItem\",\"position\":2,\"name\":\"Reserva\"}]},{\"@type\":\"WebSite\",\"@id\":\"https:\/\/www.riadimperia.com\/#website\",\"url\":\"https:\/\/www.riadimperia.com\/\",\"name\":\"RIAD IMPERIA Marrakech\",\"description\":\"Riad privatis\u00e9 Marrakech\",\"potentialAction\":[{\"@type\":\"SearchAction\",\"target\":{\"@type\":\"EntryPoint\",\"urlTemplate\":\"https:\/\/www.riadimperia.com\/?s={search_term_string}\"},\"query-input\":{\"@type\":\"PropertyValueSpecification\",\"valueRequired\":true,\"valueName\":\"search_term_string\"}}],\"inLanguage\":\"es\"}]}<\/script>\n<!-- \/ Yoast SEO plugin. -->","yoast_head_json":{"title":"Reserva - RIAD IMPERIA Marrakech","robots":{"index":"index","follow":"follow","max-snippet":"max-snippet:-1","max-image-preview":"max-image-preview:large","max-video-preview":"max-video-preview:-1"},"canonical":"https:\/\/www.riadimperia.com\/reservation-2\/","og_locale":"es_ES","og_type":"article","og_title":"Reserva - RIAD IMPERIA Marrakech","og_description":"Reserva RESERVE DIRECTAMENTE PARA OBTENER LAS MEJORES TARIFAS A 15 minutos a pie de los zocos y de la famosa plaza Jemaa el Fna, as\u00ed como de los principales campos de golf, apreciar\u00e1 la tranquilidad del alojamiento. En familia o con amigos, el Riad ser\u00e1 totalmente privado durante su estancia. Para su comodidad, 6 habitaciones [&hellip;]","og_url":"https:\/\/www.riadimperia.com\/reservation-2\/","og_site_name":"RIAD IMPERIA Marrakech","article_modified_time":"2024-12-21T11:19:02+00:00","twitter_card":"summary_large_image","twitter_misc":{"Tiempo de lectura":"3 minutos"},"schema":{"@context":"https:\/\/schema.org","@graph":[{"@type":"WebPage","@id":"https:\/\/www.riadimperia.com\/reservation-2\/","url":"https:\/\/www.riadimperia.com\/reservation-2\/","name":"Reserva - RIAD IMPERIA Marrakech","isPartOf":{"@id":"https:\/\/www.riadimperia.com\/#website"},"datePublished":"2023-04-21T07:25:44+00:00","dateModified":"2024-12-21T11:19:02+00:00","breadcrumb":{"@id":"https:\/\/www.riadimperia.com\/reservation-2\/#breadcrumb"},"inLanguage":"es","potentialAction":[{"@type":"ReadAction","target":["https:\/\/www.riadimperia.com\/reservation-2\/"]}]},{"@type":"BreadcrumbList","@id":"https:\/\/www.riadimperia.com\/reservation-2\/#breadcrumb","itemListElement":[{"@type":"ListItem","position":1,"name":"Accueil","item":"https:\/\/www.riadimperia.com\/"},{"@type":"ListItem","position":2,"name":"Reserva"}]},{"@type":"WebSite","@id":"https:\/\/www.riadimperia.com\/#website","url":"https:\/\/www.riadimperia.com\/","name":"RIAD IMPERIA Marrakech","description":"Riad privatis\u00e9 Marrakech","potentialAction":[{"@type":"SearchAction","target":{"@type":"EntryPoint","urlTemplate":"https:\/\/www.riadimperia.com\/?s={search_term_string}"},"query-input":{"@type":"PropertyValueSpecification","valueRequired":true,"valueName":"search_term_string"}}],"inLanguage":"es"}]}},"_links":{"self":[{"href":"https:\/\/www.riadimperia.com\/es\/wp-json\/wp\/v2\/pages\/2354","targetHints":{"allow":["GET"]}}],"collection":[{"href":"https:\/\/www.riadimperia.com\/es\/wp-json\/wp\/v2\/pages"}],"about":[{"href":"https:\/\/www.riadimperia.com\/es\/wp-json\/wp\/v2\/types\/page"}],"author":[{"embeddable":true,"href":"https:\/\/www.riadimperia.com\/es\/wp-json\/wp\/v2\/users\/1"}],"replies":[{"embeddable":true,"href":"https:\/\/www.riadimperia.com\/es\/wp-json\/wp\/v2\/comments?post=2354"}],"version-history":[{"count":5,"href":"https:\/\/www.riadimperia.com\/es\/wp-json\/wp\/v2\/pages\/2354\/revisions"}],"predecessor-version":[{"id":2414,"href":"https:\/\/www.riadimperia.com\/es\/wp-json\/wp\/v2\/pages\/2354\/revisions\/2414"}],"wp:attachment":[{"href":"https:\/\/www.riadimperia.com\/es\/wp-json\/wp\/v2\/media?parent=2354"}],"curies":[{"name":"wp","href":"https:\/\/api.w.org\/{rel}","templated":true}]}}