{"id":2358,"date":"2023-04-21T09:24:25","date_gmt":"2023-04-21T07:24:25","guid":{"rendered":"https:\/\/www.riadimperia.com\/servicios\/"},"modified":"2024-08-15T16:02:03","modified_gmt":"2024-08-15T14:02:03","slug":"servicios","status":"publish","type":"page","link":"https:\/\/www.riadimperia.com\/es\/servicios\/","title":{"rendered":"Servicios"},"content":{"rendered":"\t\t<div data-elementor-type=\"wp-page\" data-elementor-id=\"2358\" class=\"elementor elementor-2358 elementor-27\">\n\t\t\t\t\t\t<section class=\"elementor-section elementor-top-section elementor-element elementor-element-9e7f664 elementor-section-full_width elementor-section-height-min-height elementor-section-stretched elementor-section-height-default elementor-section-items-middle\" data-id=\"9e7f664\" data-element_type=\"section\" data-e-type=\"section\" data-settings=\"{&quot;stretch_section&quot;:&quot;section-stretched&quot;,&quot;background_background&quot;:&quot;classic&quot;,&quot;jet_parallax_layout_list&quot;:[]}\">\n\t\t\t\t\t\t<div class=\"elementor-container elementor-column-gap-default\">\n\t\t\t\t\t<div class=\"elementor-column elementor-col-100 elementor-top-column elementor-element elementor-element-5c80f13\" data-id=\"5c80f13\" data-element_type=\"column\" data-e-type=\"column\">\n\t\t\t<div class=\"elementor-widget-wrap\">\n\t\t\t\t\t\t\t<\/div>\n\t\t<\/div>\n\t\t\t\t\t<\/div>\n\t\t<\/section>\n\t\t\t\t<section class=\"elementor-section elementor-top-section elementor-element elementor-element-f4324ea elementor-section-boxed elementor-section-height-default elementor-section-height-default\" data-id=\"f4324ea\" data-element_type=\"section\" data-e-type=\"section\" data-settings=\"{&quot;jet_parallax_layout_list&quot;:[]}\">\n\t\t\t\t\t\t<div class=\"elementor-container elementor-column-gap-default\">\n\t\t\t\t\t<div class=\"elementor-column elementor-col-100 elementor-top-column elementor-element elementor-element-3d4bb46\" data-id=\"3d4bb46\" data-element_type=\"column\" data-e-type=\"column\">\n\t\t\t<div class=\"elementor-widget-wrap elementor-element-populated\">\n\t\t\t\t\t\t<div class=\"elementor-element elementor-element-3667e5f elementor-widget__width-initial elementor-widget elementor-widget-heading\" data-id=\"3667e5f\" data-element_type=\"widget\" data-e-type=\"widget\" data-widget_type=\"heading.default\">\n\t\t\t\t<div class=\"elementor-widget-container\">\n\t\t\t\t\t<h1 class=\"elementor-heading-title elementor-size-default\">Servicios<\/h1>\t\t\t\t<\/div>\n\t\t\t\t<\/div>\n\t\t\t\t\t<\/div>\n\t\t<\/div>\n\t\t\t\t\t<\/div>\n\t\t<\/section>\n\t\t\t\t<section class=\"elementor-section elementor-top-section elementor-element elementor-element-a839cce elementor-section-boxed elementor-section-height-default elementor-section-height-default\" data-id=\"a839cce\" data-element_type=\"section\" data-e-type=\"section\" data-settings=\"{&quot;jet_parallax_layout_list&quot;:[]}\">\n\t\t\t\t\t\t<div class=\"elementor-container elementor-column-gap-default\">\n\t\t\t\t\t<div class=\"elementor-column elementor-col-50 elementor-top-column elementor-element elementor-element-42fb900\" data-id=\"42fb900\" data-element_type=\"column\" data-e-type=\"column\">\n\t\t\t<div class=\"elementor-widget-wrap elementor-element-populated\">\n\t\t\t\t\t\t<div class=\"elementor-element elementor-element-93af3ef elementor-widget__width-initial elementor-widget elementor-widget-image\" data-id=\"93af3ef\" data-element_type=\"widget\" data-e-type=\"widget\" data-widget_type=\"image.default\">\n\t\t\t\t<div class=\"elementor-widget-container\">\n\t\t\t\t\t\t\t\t\t\t\t\t\t\t\t<img decoding=\"async\" src=\"https:\/\/www.riadimperia.com\/wp-content\/uploads\/elementor\/thumbs\/PETIT-DEJEUNER-1-qgctm230ly2m8qylbh5ics2bxsnd6nywpiuagk0kts.jpeg\" title=\"PETIT DEJEUNER\" alt=\"PETIT DEJEUNER\" loading=\"lazy\" \/>\t\t\t\t\t\t\t\t\t\t\t\t\t\t\t<\/div>\n\t\t\t\t<\/div>\n\t\t\t\t\t<\/div>\n\t\t<\/div>\n\t\t\t\t<div class=\"elementor-column elementor-col-50 elementor-top-column elementor-element elementor-element-0a2131b\" data-id=\"0a2131b\" data-element_type=\"column\" data-e-type=\"column\">\n\t\t\t<div class=\"elementor-widget-wrap elementor-element-populated\">\n\t\t\t\t\t\t<div class=\"elementor-element elementor-element-240c257 elementor-widget__width-initial elementor-widget-tablet__width-inherit elementor-widget elementor-widget-heading\" data-id=\"240c257\" data-element_type=\"widget\" data-e-type=\"widget\" data-widget_type=\"heading.default\">\n\t\t\t\t<div class=\"elementor-widget-container\">\n\t\t\t\t\t<h2 class=\"elementor-heading-title elementor-size-default\">Catering<\/h2>\t\t\t\t<\/div>\n\t\t\t\t<\/div>\n\t\t\t\t<div class=\"elementor-element elementor-element-40e3e2d elementor-widget elementor-widget-text-editor\" data-id=\"40e3e2d\" data-element_type=\"widget\" data-e-type=\"widget\" data-widget_type=\"text-editor.default\">\n\t\t\t\t<div class=\"elementor-widget-container\">\n\t\t\t\t\t\t\t\t\t<p><strong>Nuestros desayunos<\/strong><\/p>\n<p>Los desayunos est\u00e1n incluidos en el precio de la habitaci\u00f3n.<br \/>\nDisfrute del desayuno en el patio o la terraza. Caf\u00e9, t\u00e9, zumos de fruta caseros y de temporada, msemmens, pan fresco, cr\u00eapes, mermeladas, productos l\u00e1cteos a base de huevo&#8230; El men\u00fa cambia a diario.<\/p>\n<p><strong>Nuestras cenas<\/strong><\/p>\n<p>Cocina tradicional elaborada con productos frescos del mercado.<br \/>\nVarios men\u00fas disponibles previa reserva. Podr\u00e1 degustar deliciosos platos marroqu\u00edes y probar los sabores marroqu\u00edes de los tagines (pollo a la naranja o al lim\u00f3n, vegetariano&#8230;), cada uno tan exquisito como el otro. Y no se olvide de los postres caseros.<br \/>\nRecuerde reservar con 48 horas de antelaci\u00f3n, ya que todos nuestros platos se elaboran por encargo con los productos del d\u00eda.<\/p>\n<p>Cena tradicional (entrante, plato principal y postre) a 17 euros\/persona, mitad de precio para los ni\u00f1os menores de 10 a\u00f1os.<\/p>\n<p>Men\u00fa \u00fanico para el grupo, comida preparada por nuestra ama de llaves y no servida en la mesa.v<\/p>\n\t\t\t\t\t\t\t\t<\/div>\n\t\t\t\t<\/div>\n\t\t\t\t\t<\/div>\n\t\t<\/div>\n\t\t\t\t\t<\/div>\n\t\t<\/section>\n\t\t\t\t<section class=\"elementor-section elementor-top-section elementor-element elementor-element-6363e6b elementor-section-boxed elementor-section-height-default elementor-section-height-default\" data-id=\"6363e6b\" data-element_type=\"section\" data-e-type=\"section\" data-settings=\"{&quot;jet_parallax_layout_list&quot;:[]}\">\n\t\t\t\t\t\t<div class=\"elementor-container elementor-column-gap-default\">\n\t\t\t\t\t<div class=\"elementor-column elementor-col-50 elementor-top-column elementor-element elementor-element-0c42042\" data-id=\"0c42042\" data-element_type=\"column\" data-e-type=\"column\">\n\t\t\t<div class=\"elementor-widget-wrap elementor-element-populated\">\n\t\t\t\t\t\t<div class=\"elementor-element elementor-element-656d601 elementor-widget elementor-widget-image\" data-id=\"656d601\" data-element_type=\"widget\" data-e-type=\"widget\" data-widget_type=\"image.default\">\n\t\t\t\t<div class=\"elementor-widget-container\">\n\t\t\t\t\t\t\t\t\t\t\t\t\t\t\t<img decoding=\"async\" src=\"https:\/\/www.riadimperia.com\/wp-content\/uploads\/elementor\/thumbs\/SALON-qgcti1bvdgjbnm4a4l81mkxborkfpi1vmndui0x9cw.jpeg\" title=\"SALON\" alt=\"SALON\" loading=\"lazy\" \/>\t\t\t\t\t\t\t\t\t\t\t\t\t\t\t<\/div>\n\t\t\t\t<\/div>\n\t\t\t\t\t<\/div>\n\t\t<\/div>\n\t\t\t\t<div class=\"elementor-column elementor-col-50 elementor-top-column elementor-element elementor-element-bc8c35a\" data-id=\"bc8c35a\" data-element_type=\"column\" data-e-type=\"column\">\n\t\t\t<div class=\"elementor-widget-wrap elementor-element-populated\">\n\t\t\t\t\t\t<div class=\"elementor-element elementor-element-3f8e37c elementor-widget__width-initial elementor-widget elementor-widget-heading\" data-id=\"3f8e37c\" data-element_type=\"widget\" data-e-type=\"widget\" data-widget_type=\"heading.default\">\n\t\t\t\t<div class=\"elementor-widget-container\">\n\t\t\t\t\t<h2 class=\"elementor-heading-title elementor-size-default\">Traslados<\/h2>\t\t\t\t<\/div>\n\t\t\t\t<\/div>\n\t\t\t\t<div class=\"elementor-element elementor-element-f99094f elementor-widget elementor-widget-text-editor\" data-id=\"f99094f\" data-element_type=\"widget\" data-e-type=\"widget\" data-widget_type=\"text-editor.default\">\n\t\t\t\t<div class=\"elementor-widget-container\">\n\t\t\t\t\t\t\t\t\t<p>Organizaci\u00f3n de traslados aeropuerto\/Riad<br \/>\nDesde el aeropuerto de M\u00e9nara, podemos reservarle un transporte privado con aire acondicionado (de 1 a 13 personas). Le dejar\u00e1 en la entrada de la calle del riad y le guiar\u00e1 hasta el riad.<\/p>\n<ul>\n<li>Hasta 4 personas: 15<\/li>\n<li>De 5 a 8 personas: 25<\/li>\n<li>M\u00e1s de 8 personas: 35<\/li>\n<li>Suplemento de 10 euros entre las 22:00 y las 8:00<\/li>\n<\/ul>\n\t\t\t\t\t\t\t\t<\/div>\n\t\t\t\t<\/div>\n\t\t\t\t\t<\/div>\n\t\t<\/div>\n\t\t\t\t\t<\/div>\n\t\t<\/section>\n\t\t\t\t<section class=\"elementor-section elementor-top-section elementor-element elementor-element-dd5cb2d elementor-section-boxed elementor-section-height-default elementor-section-height-default\" data-id=\"dd5cb2d\" data-element_type=\"section\" data-e-type=\"section\" data-settings=\"{&quot;jet_parallax_layout_list&quot;:[]}\">\n\t\t\t\t\t\t<div class=\"elementor-container elementor-column-gap-default\">\n\t\t\t\t\t<div class=\"elementor-column elementor-col-50 elementor-top-column elementor-element elementor-element-e0da9ae\" data-id=\"e0da9ae\" data-element_type=\"column\" data-e-type=\"column\">\n\t\t\t<div class=\"elementor-widget-wrap elementor-element-populated\">\n\t\t\t\t\t\t<div class=\"elementor-element elementor-element-ecc6cba elementor-widget elementor-widget-image\" data-id=\"ecc6cba\" data-element_type=\"widget\" data-e-type=\"widget\" data-widget_type=\"image.default\">\n\t\t\t\t<div class=\"elementor-widget-container\">\n\t\t\t\t\t\t\t\t\t\t\t\t\t\t\t<img decoding=\"async\" src=\"https:\/\/www.riadimperia.com\/wp-content\/uploads\/elementor\/thumbs\/VUE-TERRASSE-1-qgcupl6o145ll6uvtexr5la6jgwocmy5m7jqzkcl28.jpeg\" title=\"VUE TERRASSE\" alt=\"VUE TERRASSE\" loading=\"lazy\" \/>\t\t\t\t\t\t\t\t\t\t\t\t\t\t\t<\/div>\n\t\t\t\t<\/div>\n\t\t\t\t\t<\/div>\n\t\t<\/div>\n\t\t\t\t<div class=\"elementor-column elementor-col-50 elementor-top-column elementor-element elementor-element-f4c487f\" data-id=\"f4c487f\" data-element_type=\"column\" data-e-type=\"column\">\n\t\t\t<div class=\"elementor-widget-wrap elementor-element-populated\">\n\t\t\t\t\t\t<div class=\"elementor-element elementor-element-450ea6b elementor-widget__width-initial elementor-widget elementor-widget-heading\" data-id=\"450ea6b\" data-element_type=\"widget\" data-e-type=\"widget\" data-widget_type=\"heading.default\">\n\t\t\t\t<div class=\"elementor-widget-container\">\n\t\t\t\t\t<h2 class=\"elementor-heading-title elementor-size-default\">Y tambi\u00e9n ...<\/h2>\t\t\t\t<\/div>\n\t\t\t\t<\/div>\n\t\t\t\t<div class=\"elementor-element elementor-element-d1cdb4c elementor-widget elementor-widget-text-editor\" data-id=\"d1cdb4c\" data-element_type=\"widget\" data-e-type=\"widget\" data-widget_type=\"text-editor.default\">\n\t\t\t\t<div class=\"elementor-widget-container\">\n\t\t\t\t\t\t\t\t\t<ul>\r\n \t<li>Selecci\u00f3n de conductores y gu\u00edas oficiales multiling\u00fces para organizar sus visitas a la ciudad.<\/li>\r\n \t<li>Asesoramiento y reserva de restaurantes, visitas culturales a la medina, zocos, lugares hist\u00f3ricos, etc.<\/li>\r\n \t<li>Organizaci\u00f3n de excursiones, todas seleccionadas por nosotros. Cat\u00e1logo a petici\u00f3n.vv<\/li>\r\n<\/ul>\t\t\t\t\t\t\t\t<\/div>\n\t\t\t\t<\/div>\n\t\t\t\t\t<\/div>\n\t\t<\/div>\n\t\t\t\t\t<\/div>\n\t\t<\/section>\n\t\t\t\t<section class=\"elementor-section elementor-top-section elementor-element elementor-element-10060e0 elementor-section-full_width elementor-section-stretched elementor-section-height-default elementor-section-height-default\" data-id=\"10060e0\" data-element_type=\"section\" data-e-type=\"section\" data-settings=\"{&quot;stretch_section&quot;:&quot;section-stretched&quot;,&quot;jet_parallax_layout_list&quot;:[]}\">\n\t\t\t\t\t\t<div class=\"elementor-container elementor-column-gap-default\">\n\t\t\t\t\t<div class=\"elementor-column elementor-col-100 elementor-top-column elementor-element elementor-element-dcae32c\" data-id=\"dcae32c\" data-element_type=\"column\" data-e-type=\"column\">\n\t\t\t<div class=\"elementor-widget-wrap\">\n\t\t\t\t\t\t\t<\/div>\n\t\t<\/div>\n\t\t\t\t\t<\/div>\n\t\t<\/section>\n\t\t\t\t<\/div>\n\t\t","protected":false},"excerpt":{"rendered":"<p>Servicios Catering Nuestros desayunos Los desayunos est\u00e1n incluidos en el precio de la habitaci\u00f3n. Disfrute del desayuno en el patio o la terraza. Caf\u00e9, t\u00e9, zumos de fruta caseros y de temporada, msemmens, pan fresco, cr\u00eapes, mermeladas, productos l\u00e1cteos a base de huevo&#8230; El men\u00fa cambia a diario. Nuestras cenas Cocina tradicional elaborada con productos [&hellip;]<\/p>\n","protected":false},"author":1,"featured_media":0,"parent":0,"menu_order":0,"comment_status":"closed","ping_status":"closed","template":"","meta":{"_acf_changed":false,"footnotes":""},"class_list":["post-2358","page","type-page","status-publish","hentry"],"acf":[],"yoast_head":"<!-- This site is optimized with the Yoast SEO plugin v27.0 - https:\/\/yoast.com\/product\/yoast-seo-wordpress\/ -->\n<title>Servicios - RIAD IMPERIA Marrakech<\/title>\n<meta name=\"robots\" content=\"index, follow, max-snippet:-1, max-image-preview:large, max-video-preview:-1\" \/>\n<link rel=\"canonical\" href=\"https:\/\/www.riadimperia.com\/services\/\" \/>\n<meta property=\"og:locale\" content=\"es_ES\" \/>\n<meta property=\"og:type\" content=\"article\" \/>\n<meta property=\"og:title\" content=\"Servicios - RIAD IMPERIA Marrakech\" \/>\n<meta property=\"og:description\" content=\"Servicios Catering Nuestros desayunos Los desayunos est\u00e1n incluidos en el precio de la habitaci\u00f3n. Disfrute del desayuno en el patio o la terraza. Caf\u00e9, t\u00e9, zumos de fruta caseros y de temporada, msemmens, pan fresco, cr\u00eapes, mermeladas, productos l\u00e1cteos a base de huevo&#8230; El men\u00fa cambia a diario. Nuestras cenas Cocina tradicional elaborada con productos [&hellip;]\" \/>\n<meta property=\"og:url\" content=\"https:\/\/www.riadimperia.com\/services\/\" \/>\n<meta property=\"og:site_name\" content=\"RIAD IMPERIA Marrakech\" \/>\n<meta property=\"article:modified_time\" content=\"2024-08-15T14:02:03+00:00\" \/>\n<meta property=\"og:image\" content=\"https:\/\/www.riadimperia.com\/wp-content\/uploads\/elementor\/thumbs\/PETIT-DEJEUNER-1-qgctm230ly2m8qylbh5ics2bxsnd6nywpiuagk0kts.jpeg\" \/>\n<meta name=\"twitter:card\" content=\"summary_large_image\" \/>\n<meta name=\"twitter:label1\" content=\"Tiempo de lectura\" \/>\n\t<meta name=\"twitter:data1\" content=\"1 minuto\" \/>\n<script type=\"application\/ld+json\" class=\"yoast-schema-graph\">{\"@context\":\"https:\/\/schema.org\",\"@graph\":[{\"@type\":\"WebPage\",\"@id\":\"https:\/\/www.riadimperia.com\/services\/\",\"url\":\"https:\/\/www.riadimperia.com\/services\/\",\"name\":\"Servicios - RIAD IMPERIA Marrakech\",\"isPartOf\":{\"@id\":\"https:\/\/www.riadimperia.com\/#website\"},\"primaryImageOfPage\":{\"@id\":\"https:\/\/www.riadimperia.com\/services\/#primaryimage\"},\"image\":{\"@id\":\"https:\/\/www.riadimperia.com\/services\/#primaryimage\"},\"thumbnailUrl\":\"https:\/\/www.riadimperia.com\/wp-content\/uploads\/elementor\/thumbs\/PETIT-DEJEUNER-1-qgctm230ly2m8qylbh5ics2bxsnd6nywpiuagk0kts.jpeg\",\"datePublished\":\"2023-04-21T07:24:25+00:00\",\"dateModified\":\"2024-08-15T14:02:03+00:00\",\"breadcrumb\":{\"@id\":\"https:\/\/www.riadimperia.com\/services\/#breadcrumb\"},\"inLanguage\":\"es\",\"potentialAction\":[{\"@type\":\"ReadAction\",\"target\":[\"https:\/\/www.riadimperia.com\/services\/\"]}]},{\"@type\":\"ImageObject\",\"inLanguage\":\"es\",\"@id\":\"https:\/\/www.riadimperia.com\/services\/#primaryimage\",\"url\":\"https:\/\/www.riadimperia.com\/wp-content\/uploads\/elementor\/thumbs\/PETIT-DEJEUNER-1-qgctm230ly2m8qylbh5ics2bxsnd6nywpiuagk0kts.jpeg\",\"contentUrl\":\"https:\/\/www.riadimperia.com\/wp-content\/uploads\/elementor\/thumbs\/PETIT-DEJEUNER-1-qgctm230ly2m8qylbh5ics2bxsnd6nywpiuagk0kts.jpeg\"},{\"@type\":\"BreadcrumbList\",\"@id\":\"https:\/\/www.riadimperia.com\/services\/#breadcrumb\",\"itemListElement\":[{\"@type\":\"ListItem\",\"position\":1,\"name\":\"Accueil\",\"item\":\"https:\/\/www.riadimperia.com\/\"},{\"@type\":\"ListItem\",\"position\":2,\"name\":\"Servicios\"}]},{\"@type\":\"WebSite\",\"@id\":\"https:\/\/www.riadimperia.com\/#website\",\"url\":\"https:\/\/www.riadimperia.com\/\",\"name\":\"RIAD IMPERIA Marrakech\",\"description\":\"Riad privatis\u00e9 Marrakech\",\"potentialAction\":[{\"@type\":\"SearchAction\",\"target\":{\"@type\":\"EntryPoint\",\"urlTemplate\":\"https:\/\/www.riadimperia.com\/?s={search_term_string}\"},\"query-input\":{\"@type\":\"PropertyValueSpecification\",\"valueRequired\":true,\"valueName\":\"search_term_string\"}}],\"inLanguage\":\"es\"}]}<\/script>\n<!-- \/ Yoast SEO plugin. -->","yoast_head_json":{"title":"Servicios - RIAD IMPERIA Marrakech","robots":{"index":"index","follow":"follow","max-snippet":"max-snippet:-1","max-image-preview":"max-image-preview:large","max-video-preview":"max-video-preview:-1"},"canonical":"https:\/\/www.riadimperia.com\/services\/","og_locale":"es_ES","og_type":"article","og_title":"Servicios - RIAD IMPERIA Marrakech","og_description":"Servicios Catering Nuestros desayunos Los desayunos est\u00e1n incluidos en el precio de la habitaci\u00f3n. Disfrute del desayuno en el patio o la terraza. Caf\u00e9, t\u00e9, zumos de fruta caseros y de temporada, msemmens, pan fresco, cr\u00eapes, mermeladas, productos l\u00e1cteos a base de huevo&#8230; El men\u00fa cambia a diario. Nuestras cenas Cocina tradicional elaborada con productos [&hellip;]","og_url":"https:\/\/www.riadimperia.com\/services\/","og_site_name":"RIAD IMPERIA Marrakech","article_modified_time":"2024-08-15T14:02:03+00:00","og_image":[{"url":"https:\/\/www.riadimperia.com\/wp-content\/uploads\/elementor\/thumbs\/PETIT-DEJEUNER-1-qgctm230ly2m8qylbh5ics2bxsnd6nywpiuagk0kts.jpeg","type":"","width":"","height":""}],"twitter_card":"summary_large_image","twitter_misc":{"Tiempo de lectura":"1 minuto"},"schema":{"@context":"https:\/\/schema.org","@graph":[{"@type":"WebPage","@id":"https:\/\/www.riadimperia.com\/services\/","url":"https:\/\/www.riadimperia.com\/services\/","name":"Servicios - RIAD IMPERIA Marrakech","isPartOf":{"@id":"https:\/\/www.riadimperia.com\/#website"},"primaryImageOfPage":{"@id":"https:\/\/www.riadimperia.com\/services\/#primaryimage"},"image":{"@id":"https:\/\/www.riadimperia.com\/services\/#primaryimage"},"thumbnailUrl":"https:\/\/www.riadimperia.com\/wp-content\/uploads\/elementor\/thumbs\/PETIT-DEJEUNER-1-qgctm230ly2m8qylbh5ics2bxsnd6nywpiuagk0kts.jpeg","datePublished":"2023-04-21T07:24:25+00:00","dateModified":"2024-08-15T14:02:03+00:00","breadcrumb":{"@id":"https:\/\/www.riadimperia.com\/services\/#breadcrumb"},"inLanguage":"es","potentialAction":[{"@type":"ReadAction","target":["https:\/\/www.riadimperia.com\/services\/"]}]},{"@type":"ImageObject","inLanguage":"es","@id":"https:\/\/www.riadimperia.com\/services\/#primaryimage","url":"https:\/\/www.riadimperia.com\/wp-content\/uploads\/elementor\/thumbs\/PETIT-DEJEUNER-1-qgctm230ly2m8qylbh5ics2bxsnd6nywpiuagk0kts.jpeg","contentUrl":"https:\/\/www.riadimperia.com\/wp-content\/uploads\/elementor\/thumbs\/PETIT-DEJEUNER-1-qgctm230ly2m8qylbh5ics2bxsnd6nywpiuagk0kts.jpeg"},{"@type":"BreadcrumbList","@id":"https:\/\/www.riadimperia.com\/services\/#breadcrumb","itemListElement":[{"@type":"ListItem","position":1,"name":"Accueil","item":"https:\/\/www.riadimperia.com\/"},{"@type":"ListItem","position":2,"name":"Servicios"}]},{"@type":"WebSite","@id":"https:\/\/www.riadimperia.com\/#website","url":"https:\/\/www.riadimperia.com\/","name":"RIAD IMPERIA Marrakech","description":"Riad privatis\u00e9 Marrakech","potentialAction":[{"@type":"SearchAction","target":{"@type":"EntryPoint","urlTemplate":"https:\/\/www.riadimperia.com\/?s={search_term_string}"},"query-input":{"@type":"PropertyValueSpecification","valueRequired":true,"valueName":"search_term_string"}}],"inLanguage":"es"}]}},"_links":{"self":[{"href":"https:\/\/www.riadimperia.com\/es\/wp-json\/wp\/v2\/pages\/2358","targetHints":{"allow":["GET"]}}],"collection":[{"href":"https:\/\/www.riadimperia.com\/es\/wp-json\/wp\/v2\/pages"}],"about":[{"href":"https:\/\/www.riadimperia.com\/es\/wp-json\/wp\/v2\/types\/page"}],"author":[{"embeddable":true,"href":"https:\/\/www.riadimperia.com\/es\/wp-json\/wp\/v2\/users\/1"}],"replies":[{"embeddable":true,"href":"https:\/\/www.riadimperia.com\/es\/wp-json\/wp\/v2\/comments?post=2358"}],"version-history":[{"count":1,"href":"https:\/\/www.riadimperia.com\/es\/wp-json\/wp\/v2\/pages\/2358\/revisions"}],"predecessor-version":[{"id":2359,"href":"https:\/\/www.riadimperia.com\/es\/wp-json\/wp\/v2\/pages\/2358\/revisions\/2359"}],"wp:attachment":[{"href":"https:\/\/www.riadimperia.com\/es\/wp-json\/wp\/v2\/media?parent=2358"}],"curies":[{"name":"wp","href":"https:\/\/api.w.org\/{rel}","templated":true}]}}